{"id":1083,"date":"2023-10-06T13:12:29","date_gmt":"2023-10-06T13:12:29","guid":{"rendered":"http:\/\/colorprintrs.com.br\/?post_type=product&#038;p=1083"},"modified":"2023-10-06T14:02:35","modified_gmt":"2023-10-06T14:02:35","slug":"flyers-folheto-pastas","status":"publish","type":"product","link":"http:\/\/colorprintrs.com.br\/?product=flyers-folheto-pastas","title":{"rendered":"Flyers  \/ Folheto \/ Pastas"},"content":{"rendered":"<p>Voc\u00ea imaginou a Colorprint faz a impress\u00e3o. Atrav\u00e9s de moderno maquin\u00e1rio realizamos a impress\u00e3o de flyers\/folhetos em qualquer quantidade e tamanho.<\/p>\n","protected":false},"excerpt":{"rendered":"<p>Voc\u00ea imaginou a Colorprint faz a impress\u00e3o. Atrav\u00e9s de moderno maquin\u00e1rio realizamos a impress\u00e3o de flyers\/folhetos em qualquer quantidade e tamanho.<\/p>\n","protected":false},"featured_media":1085,"template":"","meta":{"_mi_skip_tracking":false},"product_cat":[42],"product_tag":[46],"acf":[],"yoast_head":"<!-- This site is optimized with the Yoast SEO Premium plugin v20.12 (Yoast SEO v21.7) - https:\/\/yoast.com\/wordpress\/plugins\/seo\/ -->\n<title>ColorPrint | Flyers \/ Folheto \/ Pastas<\/title>\n<meta name=\"description\" content=\"Voc\u00ea imaginou a Colorprint faz a impress\u00e3o. Atrav\u00e9s de moderno maquin\u00e1rio realizamos a impress\u00e3o de flyers\/folhetos em qualquer quantidade e tamanho.\" \/>\n<meta name=\"robots\" content=\"index, follow, max-snippet:-1, max-image-preview:large, max-video-preview:-1\" \/>\n<link rel=\"canonical\" href=\"https:\/\/colorprintrs.com.br\/?product=flyers-folheto-pastas\" \/>\n<meta property=\"og:locale\" content=\"pt_BR\" \/>\n<meta property=\"og:type\" content=\"article\" \/>\n<meta property=\"og:title\" content=\"Flyers \/ Folheto \/ Pastas\" \/>\n<meta property=\"og:description\" content=\"Voc\u00ea imaginou a Colorprint faz a impress\u00e3o. Atrav\u00e9s de moderno maquin\u00e1rio realizamos a impress\u00e3o de flyers\/folhetos em qualquer quantidade e tamanho.\" \/>\n<meta property=\"og:url\" content=\"https:\/\/colorprintrs.com.br\/?product=flyers-folheto-pastas\" \/>\n<meta property=\"og:site_name\" content=\"ColorPrint\" \/>\n<meta property=\"article:modified_time\" content=\"2023-10-06T14:02:35+00:00\" \/>\n<meta property=\"og:image\" content=\"https:\/\/colorprintrs.com.br\/wp-content\/uploads\/2023\/10\/Flyers.png\" \/>\n\t<meta property=\"og:image:width\" content=\"720\" \/>\n\t<meta property=\"og:image:height\" content=\"720\" \/>\n\t<meta property=\"og:image:type\" content=\"image\/png\" \/>\n<meta name=\"twitter:card\" content=\"summary_large_image\" \/>\n<meta name=\"twitter:label1\" content=\"Pre\u00e7o\" \/>\n\t<meta name=\"twitter:data1\" content=\"\" \/>\n\t<meta name=\"twitter:label2\" content=\"Availability\" \/>\n\t<meta name=\"twitter:data2\" content=\"In stock\" \/>\n<script type=\"application\/ld+json\" class=\"yoast-schema-graph\">{\"@context\":\"https:\/\/schema.org\",\"@graph\":[{\"@type\":\"WebPage\",\"@id\":\"https:\/\/colorprintrs.com.br\/?product=flyers-folheto-pastas\",\"url\":\"https:\/\/colorprintrs.com.br\/?product=flyers-folheto-pastas\",\"name\":\"ColorPrint | Flyers \/ Folheto \/ Pastas\",\"isPartOf\":{\"@id\":\"http:\/\/colorprintrs.com.br\/#website\"},\"datePublished\":\"2023-10-06T13:12:29+00:00\",\"dateModified\":\"2023-10-06T14:02:35+00:00\",\"description\":\"Voc\u00ea imaginou a Colorprint faz a impress\u00e3o. Atrav\u00e9s de moderno maquin\u00e1rio realizamos a impress\u00e3o de flyers\/folhetos em qualquer quantidade e tamanho.\",\"breadcrumb\":{\"@id\":\"https:\/\/colorprintrs.com.br\/?product=flyers-folheto-pastas#breadcrumb\"},\"inLanguage\":\"pt-BR\",\"potentialAction\":[{\"@type\":\"ReadAction\",\"target\":[\"https:\/\/colorprintrs.com.br\/?product=flyers-folheto-pastas\"]}]},{\"@type\":\"BreadcrumbList\",\"@id\":\"https:\/\/colorprintrs.com.br\/?product=flyers-folheto-pastas#breadcrumb\",\"itemListElement\":[{\"@type\":\"ListItem\",\"position\":1,\"name\":\"In\u00edcio\",\"item\":\"http:\/\/colorprintrs.com.br\/\"},{\"@type\":\"ListItem\",\"position\":2,\"name\":\"Servi\u00e7os\",\"item\":\"http:\/\/colorprintrs.com.br\/?page_id=520\"},{\"@type\":\"ListItem\",\"position\":3,\"name\":\"Flyers \/ Folheto \/ Pastas\"}]},{\"@type\":\"WebSite\",\"@id\":\"http:\/\/colorprintrs.com.br\/#website\",\"url\":\"http:\/\/colorprintrs.com.br\/\",\"name\":\"ColorPrint - Solu\u00e7\u00f5es Gr\u00e1ficas\",\"description\":\"Papelaria Completa para sua Empresa\",\"publisher\":{\"@id\":\"http:\/\/colorprintrs.com.br\/#organization\"},\"alternateName\":\"ColorPrint\",\"potentialAction\":[{\"@type\":\"SearchAction\",\"target\":{\"@type\":\"EntryPoint\",\"urlTemplate\":\"http:\/\/colorprintrs.com.br\/?s={search_term_string}\"},\"query-input\":\"required name=search_term_string\"}],\"inLanguage\":\"pt-BR\"},{\"@type\":\"Organization\",\"@id\":\"http:\/\/colorprintrs.com.br\/#organization\",\"name\":\"ColorPrint - Solu\u00e7\u00f5es Gr\u00e1ficas\",\"alternateName\":\"ColorPrint\",\"url\":\"http:\/\/colorprintrs.com.br\/\",\"logo\":{\"@type\":\"ImageObject\",\"inLanguage\":\"pt-BR\",\"@id\":\"http:\/\/colorprintrs.com.br\/#\/schema\/logo\/image\/\",\"url\":\"http:\/\/colorprintrs.com.br\/wp-content\/uploads\/2023\/07\/logo.png\",\"contentUrl\":\"http:\/\/colorprintrs.com.br\/wp-content\/uploads\/2023\/07\/logo.png\",\"width\":462,\"height\":107,\"caption\":\"ColorPrint - Solu\u00e7\u00f5es Gr\u00e1ficas\"},\"image\":{\"@id\":\"http:\/\/colorprintrs.com.br\/#\/schema\/logo\/image\/\"}}]}<\/script>\n<meta property=\"product:price:amount\" content=\"0.00\" \/>\n<meta property=\"product:price:currency\" content=\"USD\" \/>\n<meta property=\"og:availability\" content=\"instock\" \/>\n<meta property=\"product:availability\" content=\"instock\" \/>\n<meta property=\"product:condition\" content=\"new\" \/>\n<!-- \/ Yoast SEO Premium plugin. -->","yoast_head_json":{"title":"ColorPrint | Flyers \/ Folheto \/ Pastas","description":"Voc\u00ea imaginou a Colorprint faz a impress\u00e3o. Atrav\u00e9s de moderno maquin\u00e1rio realizamos a impress\u00e3o de flyers\/folhetos em qualquer quantidade e tamanho.","robots":{"index":"index","follow":"follow","max-snippet":"max-snippet:-1","max-image-preview":"max-image-preview:large","max-video-preview":"max-video-preview:-1"},"canonical":"https:\/\/colorprintrs.com.br\/?product=flyers-folheto-pastas","og_locale":"pt_BR","og_type":"article","og_title":"Flyers \/ Folheto \/ Pastas","og_description":"Voc\u00ea imaginou a Colorprint faz a impress\u00e3o. Atrav\u00e9s de moderno maquin\u00e1rio realizamos a impress\u00e3o de flyers\/folhetos em qualquer quantidade e tamanho.","og_url":"https:\/\/colorprintrs.com.br\/?product=flyers-folheto-pastas","og_site_name":"ColorPrint","article_modified_time":"2023-10-06T14:02:35+00:00","og_image":[{"width":720,"height":720,"url":"https:\/\/colorprintrs.com.br\/wp-content\/uploads\/2023\/10\/Flyers.png","type":"image\/png"}],"twitter_card":"summary_large_image","twitter_misc":{"Pre\u00e7o":"","Availability":"In stock"},"schema":{"@context":"https:\/\/schema.org","@graph":[{"@type":"WebPage","@id":"https:\/\/colorprintrs.com.br\/?product=flyers-folheto-pastas","url":"https:\/\/colorprintrs.com.br\/?product=flyers-folheto-pastas","name":"ColorPrint | Flyers \/ Folheto \/ Pastas","isPartOf":{"@id":"http:\/\/colorprintrs.com.br\/#website"},"datePublished":"2023-10-06T13:12:29+00:00","dateModified":"2023-10-06T14:02:35+00:00","description":"Voc\u00ea imaginou a Colorprint faz a impress\u00e3o. Atrav\u00e9s de moderno maquin\u00e1rio realizamos a impress\u00e3o de flyers\/folhetos em qualquer quantidade e tamanho.","breadcrumb":{"@id":"https:\/\/colorprintrs.com.br\/?product=flyers-folheto-pastas#breadcrumb"},"inLanguage":"pt-BR","potentialAction":[{"@type":"ReadAction","target":["https:\/\/colorprintrs.com.br\/?product=flyers-folheto-pastas"]}]},{"@type":"BreadcrumbList","@id":"https:\/\/colorprintrs.com.br\/?product=flyers-folheto-pastas#breadcrumb","itemListElement":[{"@type":"ListItem","position":1,"name":"In\u00edcio","item":"http:\/\/colorprintrs.com.br\/"},{"@type":"ListItem","position":2,"name":"Servi\u00e7os","item":"http:\/\/colorprintrs.com.br\/?page_id=520"},{"@type":"ListItem","position":3,"name":"Flyers \/ Folheto \/ Pastas"}]},{"@type":"WebSite","@id":"http:\/\/colorprintrs.com.br\/#website","url":"http:\/\/colorprintrs.com.br\/","name":"ColorPrint - Solu\u00e7\u00f5es Gr\u00e1ficas","description":"Papelaria Completa para sua Empresa","publisher":{"@id":"http:\/\/colorprintrs.com.br\/#organization"},"alternateName":"ColorPrint","potentialAction":[{"@type":"SearchAction","target":{"@type":"EntryPoint","urlTemplate":"http:\/\/colorprintrs.com.br\/?s={search_term_string}"},"query-input":"required name=search_term_string"}],"inLanguage":"pt-BR"},{"@type":"Organization","@id":"http:\/\/colorprintrs.com.br\/#organization","name":"ColorPrint - Solu\u00e7\u00f5es Gr\u00e1ficas","alternateName":"ColorPrint","url":"http:\/\/colorprintrs.com.br\/","logo":{"@type":"ImageObject","inLanguage":"pt-BR","@id":"http:\/\/colorprintrs.com.br\/#\/schema\/logo\/image\/","url":"http:\/\/colorprintrs.com.br\/wp-content\/uploads\/2023\/07\/logo.png","contentUrl":"http:\/\/colorprintrs.com.br\/wp-content\/uploads\/2023\/07\/logo.png","width":462,"height":107,"caption":"ColorPrint - Solu\u00e7\u00f5es Gr\u00e1ficas"},"image":{"@id":"http:\/\/colorprintrs.com.br\/#\/schema\/logo\/image\/"}}]},"product_price_amount":"0.00","product_price_currency":"USD","og_availability":"instock","product_availability":"instock","product_condition":"new"},"_links":{"self":[{"href":"http:\/\/colorprintrs.com.br\/index.php?rest_route=\/wp\/v2\/product\/1083"}],"collection":[{"href":"http:\/\/colorprintrs.com.br\/index.php?rest_route=\/wp\/v2\/product"}],"about":[{"href":"http:\/\/colorprintrs.com.br\/index.php?rest_route=\/wp\/v2\/types\/product"}],"wp:featuredmedia":[{"embeddable":true,"href":"http:\/\/colorprintrs.com.br\/index.php?rest_route=\/wp\/v2\/media\/1085"}],"wp:attachment":[{"href":"http:\/\/colorprintrs.com.br\/index.php?rest_route=%2Fwp%2Fv2%2Fmedia&parent=1083"}],"wp:term":[{"taxonomy":"product_cat","embeddable":true,"href":"http:\/\/colorprintrs.com.br\/index.php?rest_route=%2Fwp%2Fv2%2Fproduct_cat&post=1083"},{"taxonomy":"product_tag","embeddable":true,"href":"http:\/\/colorprintrs.com.br\/index.php?rest_route=%2Fwp%2Fv2%2Fproduct_tag&post=1083"}],"curies":[{"name":"wp","href":"https:\/\/api.w.org\/{rel}","templated":true}]}}