{"id":1089,"date":"2023-10-06T13:16:37","date_gmt":"2023-10-06T13:16:37","guid":{"rendered":"http:\/\/colorprintrs.com.br\/?post_type=product&#038;p=1089"},"modified":"2024-03-18T19:30:10","modified_gmt":"2024-03-18T19:30:10","slug":"embalagens","status":"publish","type":"product","link":"http:\/\/colorprintrs.com.br\/?product=embalagens","title":{"rendered":"Embalagens"},"content":{"rendered":"<p>Somos especialistas na produ\u00e7\u00e3o de embalagens para fritas, modelos prontos (padr\u00e3o), saco para lanche personalizado e caixas.<\/p>\n","protected":false},"excerpt":{"rendered":"<p>Somos especialistas na produ\u00e7\u00e3o de embalagens para fritas, modelos prontos (padr\u00e3o), saco para lanche personalizado e caixas.<\/p>\n","protected":false},"featured_media":1179,"template":"","meta":{"_mi_skip_tracking":false},"product_cat":[43],"product_tag":[46],"acf":[],"yoast_head":"<!-- This site is optimized with the Yoast SEO Premium plugin v20.12 (Yoast SEO v21.7) - https:\/\/yoast.com\/wordpress\/plugins\/seo\/ -->\n<title>ColorPrint | Embalagens<\/title>\n<meta name=\"description\" content=\"Somos especialistas na produ\u00e7\u00e3o de embalagens para fritas, modelos prontos (padr\u00e3o), saco para lanche personalizado e caixas.\" \/>\n<meta name=\"robots\" content=\"index, follow, max-snippet:-1, max-image-preview:large, max-video-preview:-1\" \/>\n<link rel=\"canonical\" href=\"https:\/\/colorprintrs.com.br\/?product=embalagens\" \/>\n<meta property=\"og:locale\" content=\"pt_BR\" \/>\n<meta property=\"og:type\" content=\"article\" \/>\n<meta property=\"og:title\" content=\"Embalagens\" \/>\n<meta property=\"og:description\" content=\"Somos especialistas na produ\u00e7\u00e3o de embalagens para fritas, modelos prontos (padr\u00e3o), saco para lanche personalizado e caixas.\" \/>\n<meta property=\"og:url\" content=\"https:\/\/colorprintrs.com.br\/?product=embalagens\" \/>\n<meta property=\"og:site_name\" content=\"ColorPrint\" \/>\n<meta property=\"article:modified_time\" content=\"2024-03-18T19:30:10+00:00\" \/>\n<meta property=\"og:image\" content=\"https:\/\/colorprintrs.com.br\/wp-content\/uploads\/2023\/10\/WhatsApp-Image-2024-03-18-at-15.13.48.jpeg\" \/>\n\t<meta property=\"og:image:width\" content=\"1417\" \/>\n\t<meta property=\"og:image:height\" content=\"1417\" \/>\n\t<meta property=\"og:image:type\" content=\"image\/jpeg\" \/>\n<meta name=\"twitter:card\" content=\"summary_large_image\" \/>\n<meta name=\"twitter:label1\" content=\"Pre\u00e7o\" \/>\n\t<meta name=\"twitter:data1\" content=\"\" \/>\n\t<meta name=\"twitter:label2\" content=\"Availability\" \/>\n\t<meta name=\"twitter:data2\" content=\"In stock\" \/>\n<script type=\"application\/ld+json\" class=\"yoast-schema-graph\">{\"@context\":\"https:\/\/schema.org\",\"@graph\":[{\"@type\":\"WebPage\",\"@id\":\"https:\/\/colorprintrs.com.br\/?product=embalagens\",\"url\":\"https:\/\/colorprintrs.com.br\/?product=embalagens\",\"name\":\"ColorPrint | Embalagens\",\"isPartOf\":{\"@id\":\"http:\/\/colorprintrs.com.br\/#website\"},\"datePublished\":\"2023-10-06T13:16:37+00:00\",\"dateModified\":\"2024-03-18T19:30:10+00:00\",\"description\":\"Somos especialistas na produ\u00e7\u00e3o de embalagens para fritas, modelos prontos (padr\u00e3o), saco para lanche personalizado e caixas.\",\"breadcrumb\":{\"@id\":\"https:\/\/colorprintrs.com.br\/?product=embalagens#breadcrumb\"},\"inLanguage\":\"pt-BR\",\"potentialAction\":[{\"@type\":\"ReadAction\",\"target\":[\"https:\/\/colorprintrs.com.br\/?product=embalagens\"]}]},{\"@type\":\"BreadcrumbList\",\"@id\":\"https:\/\/colorprintrs.com.br\/?product=embalagens#breadcrumb\",\"itemListElement\":[{\"@type\":\"ListItem\",\"position\":1,\"name\":\"In\u00edcio\",\"item\":\"http:\/\/colorprintrs.com.br\/\"},{\"@type\":\"ListItem\",\"position\":2,\"name\":\"Servi\u00e7os\",\"item\":\"http:\/\/colorprintrs.com.br\/?page_id=520\"},{\"@type\":\"ListItem\",\"position\":3,\"name\":\"Embalagens\"}]},{\"@type\":\"WebSite\",\"@id\":\"http:\/\/colorprintrs.com.br\/#website\",\"url\":\"http:\/\/colorprintrs.com.br\/\",\"name\":\"ColorPrint - Solu\u00e7\u00f5es Gr\u00e1ficas\",\"description\":\"Papelaria Completa para sua Empresa\",\"publisher\":{\"@id\":\"http:\/\/colorprintrs.com.br\/#organization\"},\"alternateName\":\"ColorPrint\",\"potentialAction\":[{\"@type\":\"SearchAction\",\"target\":{\"@type\":\"EntryPoint\",\"urlTemplate\":\"http:\/\/colorprintrs.com.br\/?s={search_term_string}\"},\"query-input\":\"required name=search_term_string\"}],\"inLanguage\":\"pt-BR\"},{\"@type\":\"Organization\",\"@id\":\"http:\/\/colorprintrs.com.br\/#organization\",\"name\":\"ColorPrint - Solu\u00e7\u00f5es Gr\u00e1ficas\",\"alternateName\":\"ColorPrint\",\"url\":\"http:\/\/colorprintrs.com.br\/\",\"logo\":{\"@type\":\"ImageObject\",\"inLanguage\":\"pt-BR\",\"@id\":\"http:\/\/colorprintrs.com.br\/#\/schema\/logo\/image\/\",\"url\":\"http:\/\/colorprintrs.com.br\/wp-content\/uploads\/2023\/07\/logo.png\",\"contentUrl\":\"http:\/\/colorprintrs.com.br\/wp-content\/uploads\/2023\/07\/logo.png\",\"width\":462,\"height\":107,\"caption\":\"ColorPrint - Solu\u00e7\u00f5es Gr\u00e1ficas\"},\"image\":{\"@id\":\"http:\/\/colorprintrs.com.br\/#\/schema\/logo\/image\/\"}}]}<\/script>\n<meta property=\"product:price:amount\" content=\"0.00\" \/>\n<meta property=\"product:price:currency\" content=\"USD\" \/>\n<meta property=\"og:availability\" content=\"instock\" \/>\n<meta property=\"product:availability\" content=\"instock\" \/>\n<meta property=\"product:condition\" content=\"new\" \/>\n<!-- \/ Yoast SEO Premium plugin. -->","yoast_head_json":{"title":"ColorPrint | Embalagens","description":"Somos especialistas na produ\u00e7\u00e3o de embalagens para fritas, modelos prontos (padr\u00e3o), saco para lanche personalizado e caixas.","robots":{"index":"index","follow":"follow","max-snippet":"max-snippet:-1","max-image-preview":"max-image-preview:large","max-video-preview":"max-video-preview:-1"},"canonical":"https:\/\/colorprintrs.com.br\/?product=embalagens","og_locale":"pt_BR","og_type":"article","og_title":"Embalagens","og_description":"Somos especialistas na produ\u00e7\u00e3o de embalagens para fritas, modelos prontos (padr\u00e3o), saco para lanche personalizado e caixas.","og_url":"https:\/\/colorprintrs.com.br\/?product=embalagens","og_site_name":"ColorPrint","article_modified_time":"2024-03-18T19:30:10+00:00","og_image":[{"width":1417,"height":1417,"url":"https:\/\/colorprintrs.com.br\/wp-content\/uploads\/2023\/10\/WhatsApp-Image-2024-03-18-at-15.13.48.jpeg","type":"image\/jpeg"}],"twitter_card":"summary_large_image","twitter_misc":{"Pre\u00e7o":"","Availability":"In stock"},"schema":{"@context":"https:\/\/schema.org","@graph":[{"@type":"WebPage","@id":"https:\/\/colorprintrs.com.br\/?product=embalagens","url":"https:\/\/colorprintrs.com.br\/?product=embalagens","name":"ColorPrint | Embalagens","isPartOf":{"@id":"http:\/\/colorprintrs.com.br\/#website"},"datePublished":"2023-10-06T13:16:37+00:00","dateModified":"2024-03-18T19:30:10+00:00","description":"Somos especialistas na produ\u00e7\u00e3o de embalagens para fritas, modelos prontos (padr\u00e3o), saco para lanche personalizado e caixas.","breadcrumb":{"@id":"https:\/\/colorprintrs.com.br\/?product=embalagens#breadcrumb"},"inLanguage":"pt-BR","potentialAction":[{"@type":"ReadAction","target":["https:\/\/colorprintrs.com.br\/?product=embalagens"]}]},{"@type":"BreadcrumbList","@id":"https:\/\/colorprintrs.com.br\/?product=embalagens#breadcrumb","itemListElement":[{"@type":"ListItem","position":1,"name":"In\u00edcio","item":"http:\/\/colorprintrs.com.br\/"},{"@type":"ListItem","position":2,"name":"Servi\u00e7os","item":"http:\/\/colorprintrs.com.br\/?page_id=520"},{"@type":"ListItem","position":3,"name":"Embalagens"}]},{"@type":"WebSite","@id":"http:\/\/colorprintrs.com.br\/#website","url":"http:\/\/colorprintrs.com.br\/","name":"ColorPrint - Solu\u00e7\u00f5es Gr\u00e1ficas","description":"Papelaria Completa para sua Empresa","publisher":{"@id":"http:\/\/colorprintrs.com.br\/#organization"},"alternateName":"ColorPrint","potentialAction":[{"@type":"SearchAction","target":{"@type":"EntryPoint","urlTemplate":"http:\/\/colorprintrs.com.br\/?s={search_term_string}"},"query-input":"required name=search_term_string"}],"inLanguage":"pt-BR"},{"@type":"Organization","@id":"http:\/\/colorprintrs.com.br\/#organization","name":"ColorPrint - Solu\u00e7\u00f5es Gr\u00e1ficas","alternateName":"ColorPrint","url":"http:\/\/colorprintrs.com.br\/","logo":{"@type":"ImageObject","inLanguage":"pt-BR","@id":"http:\/\/colorprintrs.com.br\/#\/schema\/logo\/image\/","url":"http:\/\/colorprintrs.com.br\/wp-content\/uploads\/2023\/07\/logo.png","contentUrl":"http:\/\/colorprintrs.com.br\/wp-content\/uploads\/2023\/07\/logo.png","width":462,"height":107,"caption":"ColorPrint - Solu\u00e7\u00f5es Gr\u00e1ficas"},"image":{"@id":"http:\/\/colorprintrs.com.br\/#\/schema\/logo\/image\/"}}]},"product_price_amount":"0.00","product_price_currency":"USD","og_availability":"instock","product_availability":"instock","product_condition":"new"},"_links":{"self":[{"href":"http:\/\/colorprintrs.com.br\/index.php?rest_route=\/wp\/v2\/product\/1089"}],"collection":[{"href":"http:\/\/colorprintrs.com.br\/index.php?rest_route=\/wp\/v2\/product"}],"about":[{"href":"http:\/\/colorprintrs.com.br\/index.php?rest_route=\/wp\/v2\/types\/product"}],"wp:featuredmedia":[{"embeddable":true,"href":"http:\/\/colorprintrs.com.br\/index.php?rest_route=\/wp\/v2\/media\/1179"}],"wp:attachment":[{"href":"http:\/\/colorprintrs.com.br\/index.php?rest_route=%2Fwp%2Fv2%2Fmedia&parent=1089"}],"wp:term":[{"taxonomy":"product_cat","embeddable":true,"href":"http:\/\/colorprintrs.com.br\/index.php?rest_route=%2Fwp%2Fv2%2Fproduct_cat&post=1089"},{"taxonomy":"product_tag","embeddable":true,"href":"http:\/\/colorprintrs.com.br\/index.php?rest_route=%2Fwp%2Fv2%2Fproduct_tag&post=1089"}],"curies":[{"name":"wp","href":"https:\/\/api.w.org\/{rel}","templated":true}]}}