{"id":51,"date":"2019-04-17T05:00:35","date_gmt":"2019-04-17T05:00:35","guid":{"rendered":"https:\/\/jupiterx.artbees.net\/candle-shop\/?page_id=51"},"modified":"2024-02-22T13:08:57","modified_gmt":"2024-02-22T13:08:57","slug":"sobre","status":"publish","type":"page","link":"https:\/\/colorprintrs.com.br\/?page_id=51","title":{"rendered":"Sobre"},"content":{"rendered":"\t\t<div data-elementor-type=\"wp-post\" data-elementor-id=\"51\" class=\"elementor elementor-51\">\n\t\t\t\t\t\t\t\t\t<section class=\"elementor-section elementor-top-section elementor-element elementor-element-efd2c7c elementor-section-boxed elementor-section-height-default elementor-section-height-default\" data-id=\"efd2c7c\" data-element_type=\"section\" data-settings=\"{&quot;jet_parallax_layout_list&quot;:[{&quot;jet_parallax_layout_image&quot;:{&quot;url&quot;:&quot;&quot;,&quot;id&quot;:&quot;&quot;,&quot;size&quot;:&quot;&quot;},&quot;_id&quot;:&quot;c01fe2b&quot;,&quot;jet_parallax_layout_image_tablet&quot;:{&quot;url&quot;:&quot;&quot;,&quot;id&quot;:&quot;&quot;,&quot;size&quot;:&quot;&quot;},&quot;jet_parallax_layout_image_mobile&quot;:{&quot;url&quot;:&quot;&quot;,&quot;id&quot;:&quot;&quot;,&quot;size&quot;:&quot;&quot;},&quot;jet_parallax_layout_speed&quot;:{&quot;unit&quot;:&quot;%&quot;,&quot;size&quot;:&quot;50&quot;,&quot;sizes&quot;:[]},&quot;jet_parallax_layout_bg_x&quot;:&quot;50&quot;,&quot;jet_parallax_layout_bg_y&quot;:&quot;50&quot;,&quot;jet_parallax_layout_type&quot;:&quot;scroll&quot;,&quot;jet_parallax_layout_direction&quot;:null,&quot;jet_parallax_layout_fx_direction&quot;:null,&quot;jet_parallax_layout_z_index&quot;:&quot;&quot;,&quot;jet_parallax_layout_bg_x_tablet&quot;:&quot;&quot;,&quot;jet_parallax_layout_bg_x_mobile&quot;:&quot;&quot;,&quot;jet_parallax_layout_bg_y_tablet&quot;:&quot;&quot;,&quot;jet_parallax_layout_bg_y_mobile&quot;:&quot;&quot;,&quot;jet_parallax_layout_bg_size&quot;:&quot;auto&quot;,&quot;jet_parallax_layout_bg_size_tablet&quot;:&quot;&quot;,&quot;jet_parallax_layout_bg_size_mobile&quot;:&quot;&quot;,&quot;jet_parallax_layout_animation_prop&quot;:&quot;transform&quot;,&quot;jet_parallax_layout_on&quot;:[&quot;desktop&quot;,&quot;tablet&quot;]}],&quot;background_background&quot;:&quot;classic&quot;}\">\n\t\t\t\t\t\t<div class=\"elementor-container elementor-column-gap-no\">\n\t\t\t\t\t<div class=\"elementor-column elementor-col-100 elementor-top-column elementor-element elementor-element-cf88344\" data-id=\"cf88344\" data-element_type=\"column\">\n\t\t\t<div class=\"elementor-widget-wrap elementor-element-populated\">\n\t\t\t\t\t\t\t\t<div class=\"elementor-element elementor-element-5bb54ea elementor-widget elementor-widget-heading\" data-id=\"5bb54ea\" data-element_type=\"widget\" data-widget_type=\"heading.default\">\n\t\t\t\t<div class=\"elementor-widget-container\">\n\t\t\t<style>\/*! elementor - v3.18.0 - 08-12-2023 *\/\n.elementor-heading-title{padding:0;margin:0;line-height:1}.elementor-widget-heading .elementor-heading-title[class*=elementor-size-]>a{color:inherit;font-size:inherit;line-height:inherit}.elementor-widget-heading .elementor-heading-title.elementor-size-small{font-size:15px}.elementor-widget-heading .elementor-heading-title.elementor-size-medium{font-size:19px}.elementor-widget-heading .elementor-heading-title.elementor-size-large{font-size:29px}.elementor-widget-heading .elementor-heading-title.elementor-size-xl{font-size:39px}.elementor-widget-heading .elementor-heading-title.elementor-size-xxl{font-size:59px}<\/style><h1 class=\"elementor-heading-title elementor-size-default\">Sobre N\u00f3s<\/h1>\t\t<\/div>\n\t\t\t\t<\/div>\n\t\t\t\t<div class=\"elementor-element elementor-element-223e379 elementor-widget elementor-widget-text-editor\" data-id=\"223e379\" data-element_type=\"widget\" data-widget_type=\"text-editor.default\">\n\t\t\t\t<div class=\"elementor-widget-container\">\n\t\t\t<style>\/*! elementor - v3.18.0 - 08-12-2023 *\/\n.elementor-widget-text-editor.elementor-drop-cap-view-stacked .elementor-drop-cap{background-color:#69727d;color:#fff}.elementor-widget-text-editor.elementor-drop-cap-view-framed .elementor-drop-cap{color:#69727d;border:3px solid;background-color:transparent}.elementor-widget-text-editor:not(.elementor-drop-cap-view-default) .elementor-drop-cap{margin-top:8px}.elementor-widget-text-editor:not(.elementor-drop-cap-view-default) .elementor-drop-cap-letter{width:1em;height:1em}.elementor-widget-text-editor .elementor-drop-cap{float:left;text-align:center;line-height:1;font-size:50px}.elementor-widget-text-editor .elementor-drop-cap-letter{display:inline-block}<\/style>\t\t\t\t<p dir=\"auto\">A Colorprint \u00e9 uma gr\u00e1fica completa, especializada em proporcionar, para todo o Brasil, o que h\u00e1 de melhor em servi\u00e7os gr\u00e1ficos. Aqui tem inova\u00e7\u00e3o, tecnologia de ponta e profissionais qualificados, respons\u00e1veis pela qualidade de atendimento, excel\u00eancia no acabamento e a agilidade na entrega que voc\u00ea s\u00f3 encontra aqui.<\/p><p dir=\"auto\">Al\u00e9m de anos de experi\u00eancia no segmento, tamb\u00e9m contamos com um parque gr\u00e1fico com mais de 1.000m\u00b2 entre atendimento ao cliente e produ\u00e7\u00e3o. Isso nos permite produzirmos todas as nossas solu\u00e7\u00f5es internamente, elevando o grau de sofistica\u00e7\u00e3o das nossas entregas, seja impress\u00e3o digital, impress\u00e3o offset, impress\u00e3o plotter, impress\u00e3o de embalagens ou qualquer outra demanda gr\u00e1fica que a sua empresa necessitar.<\/p><p dir=\"auto\">Para a Colorprint, cada cliente \u00e9 \u00fanico. Por isso, nosso atendimento \u00e9 totalmente personalizado de acordo com as suas prefer\u00eancias. Aqui, ajudamos voc\u00ea a montar o seu projeto e a escolher a melhor op\u00e7\u00e3o para a sua necessidade, prezando sempre pela sua m\u00e1xima satisfa\u00e7\u00e3o. Entre em contato agora mesmo e realiza um or\u00e7amento conosco sem compromisso.<\/p>\t\t\t\t\t\t<\/div>\n\t\t\t\t<\/div>\n\t\t\t\t\t<\/div>\n\t\t<\/div>\n\t\t\t\t\t\t\t<\/div>\n\t\t<\/section>\n\t\t\t\t<section class=\"elementor-section elementor-top-section elementor-element elementor-element-4cf19d6 elementor-section-full_width elementor-section-height-default elementor-section-height-default\" data-id=\"4cf19d6\" data-element_type=\"section\" data-settings=\"{&quot;jet_parallax_layout_list&quot;:[{&quot;jet_parallax_layout_image&quot;:{&quot;url&quot;:&quot;&quot;,&quot;id&quot;:&quot;&quot;,&quot;size&quot;:&quot;&quot;},&quot;_id&quot;:&quot;30c93a5&quot;,&quot;jet_parallax_layout_image_tablet&quot;:{&quot;url&quot;:&quot;&quot;,&quot;id&quot;:&quot;&quot;,&quot;size&quot;:&quot;&quot;},&quot;jet_parallax_layout_image_mobile&quot;:{&quot;url&quot;:&quot;&quot;,&quot;id&quot;:&quot;&quot;,&quot;size&quot;:&quot;&quot;},&quot;jet_parallax_layout_speed&quot;:{&quot;unit&quot;:&quot;%&quot;,&quot;size&quot;:&quot;50&quot;,&quot;sizes&quot;:[]},&quot;jet_parallax_layout_bg_x&quot;:&quot;50&quot;,&quot;jet_parallax_layout_bg_y&quot;:&quot;50&quot;,&quot;jet_parallax_layout_type&quot;:&quot;scroll&quot;,&quot;jet_parallax_layout_direction&quot;:null,&quot;jet_parallax_layout_fx_direction&quot;:null,&quot;jet_parallax_layout_z_index&quot;:&quot;&quot;,&quot;jet_parallax_layout_bg_x_tablet&quot;:&quot;&quot;,&quot;jet_parallax_layout_bg_x_mobile&quot;:&quot;&quot;,&quot;jet_parallax_layout_bg_y_tablet&quot;:&quot;&quot;,&quot;jet_parallax_layout_bg_y_mobile&quot;:&quot;&quot;,&quot;jet_parallax_layout_bg_size&quot;:&quot;auto&quot;,&quot;jet_parallax_layout_bg_size_tablet&quot;:&quot;&quot;,&quot;jet_parallax_layout_bg_size_mobile&quot;:&quot;&quot;,&quot;jet_parallax_layout_animation_prop&quot;:&quot;transform&quot;,&quot;jet_parallax_layout_on&quot;:[&quot;desktop&quot;,&quot;tablet&quot;]}]}\">\n\t\t\t\t\t\t<div class=\"elementor-container elementor-column-gap-no\">\n\t\t\t\t\t<div class=\"elementor-column elementor-col-100 elementor-top-column elementor-element elementor-element-97564b5\" data-id=\"97564b5\" data-element_type=\"column\">\n\t\t\t<div class=\"elementor-widget-wrap elementor-element-populated\">\n\t\t\t\t\t\t\t\t<div class=\"elementor-element elementor-element-4a6a294 elementor-widget elementor-widget-jet-images-layout\" data-id=\"4a6a294\" data-element_type=\"widget\" data-settings=\"{&quot;columns&quot;:&quot;5&quot;,&quot;columns_tablet&quot;:&quot;1&quot;}\" data-widget_type=\"jet-images-layout.default\">\n\t\t\t\t<div class=\"elementor-widget-container\">\n\t\t\t<div class=\"elementor-jet-images-layout jet-elements\">\n<div class=\"jet-images-layout layout-type-grid\" data-settings='{\"layoutType\":\"grid\",\"justifyHeight\":300}'>\n\t<div class=\"jet-images-layout__list col-row disable-cols-gap disable-rows-gap column-desktop-5 column-tablet-1 column-mobile-1\" >\n<div class=\"jet-images-layout__item col-desk-5 col-tab-1\">\n\t<div class=\"jet-images-layout__inner\">\n\t\t<div class=\"jet-images-layout__image-loader\"><span><\/span><\/div>\n\t\t<a class=\"jet-images-layout__link \" href=\"http:\/\/colorprintrs.com.br\/wp-content\/uploads\/2023\/09\/Colorprint-36-min-scaled.jpg\" data-elementor-open-lightbox=\"yes\" data-elementor-lightbox-slideshow=\"4a6a294\">\n\t\t\t<div class=\"jet-images-layout__image\">\n\t\t\t\t<img decoding=\"async\" class=\"jet-images-layout__image-instance\" src=\"https:\/\/colorprintrs.com.br\/wp-content\/uploads\/2023\/09\/Colorprint-36-min-1024x683.jpg\" alt=\"Colorprint-36-min\" loading=\"lazy\">\t\t\t<\/div>\n\t\t\t<div class=\"jet-images-layout__content\"><\/div>\n\t\t<\/a>\n\t<\/div>\n<\/div>\n<div class=\"jet-images-layout__item col-desk-5 col-tab-1\">\n\t<div class=\"jet-images-layout__inner\">\n\t\t<div class=\"jet-images-layout__image-loader\"><span><\/span><\/div>\n\t\t<a class=\"jet-images-layout__link \" href=\"http:\/\/colorprintrs.com.br\/wp-content\/uploads\/2023\/09\/Colorprint-55-min-scaled.jpg\" data-elementor-open-lightbox=\"yes\" data-elementor-lightbox-slideshow=\"4a6a294\">\n\t\t\t<div class=\"jet-images-layout__image\">\n\t\t\t\t<img decoding=\"async\" class=\"jet-images-layout__image-instance\" src=\"https:\/\/colorprintrs.com.br\/wp-content\/uploads\/2023\/09\/Colorprint-55-min-scaled.jpg\" alt=\"Colorprint-55-min\" loading=\"lazy\">\t\t\t<\/div>\n\t\t\t<div class=\"jet-images-layout__content\"><\/div>\n\t\t<\/a>\n\t<\/div>\n<\/div>\n<div class=\"jet-images-layout__item col-desk-5 col-tab-1\">\n\t<div class=\"jet-images-layout__inner\">\n\t\t<div class=\"jet-images-layout__image-loader\"><span><\/span><\/div>\n\t\t<a class=\"jet-images-layout__link \" href=\"http:\/\/colorprintrs.com.br\/wp-content\/uploads\/2023\/09\/Colorprint-72-min-scaled.jpg\" data-elementor-open-lightbox=\"yes\" data-elementor-lightbox-slideshow=\"4a6a294\">\n\t\t\t<div class=\"jet-images-layout__image\">\n\t\t\t\t<img decoding=\"async\" class=\"jet-images-layout__image-instance\" src=\"https:\/\/colorprintrs.com.br\/wp-content\/uploads\/2023\/09\/Colorprint-72-min-768x512.jpg\" alt=\"Colorprint-72-min\" loading=\"lazy\">\t\t\t<\/div>\n\t\t\t<div class=\"jet-images-layout__content\"><\/div>\n\t\t<\/a>\n\t<\/div>\n<\/div>\n<div class=\"jet-images-layout__item col-desk-5 col-tab-1\">\n\t<div class=\"jet-images-layout__inner\">\n\t\t<div class=\"jet-images-layout__image-loader\"><span><\/span><\/div>\n\t\t<a class=\"jet-images-layout__link \" href=\"http:\/\/colorprintrs.com.br\/wp-content\/uploads\/2023\/09\/Colorprint-45-min.jpg\" data-elementor-open-lightbox=\"yes\" data-elementor-lightbox-slideshow=\"4a6a294\">\n\t\t\t<div class=\"jet-images-layout__image\">\n\t\t\t\t<img decoding=\"async\" class=\"jet-images-layout__image-instance\" src=\"https:\/\/colorprintrs.com.br\/wp-content\/uploads\/2023\/09\/Colorprint-45-min-scaled.jpg\" alt=\"Colorprint-45-min\" loading=\"lazy\">\t\t\t<\/div>\n\t\t\t<div class=\"jet-images-layout__content\"><\/div>\n\t\t<\/a>\n\t<\/div>\n<\/div>\n<div class=\"jet-images-layout__item col-desk-5 col-tab-1\">\n\t<div class=\"jet-images-layout__inner\">\n\t\t<div class=\"jet-images-layout__image-loader\"><span><\/span><\/div>\n\t\t<a class=\"jet-images-layout__link \" href=\"http:\/\/colorprintrs.com.br\/wp-content\/uploads\/2023\/09\/Colorprint-50-min-scaled.jpg\" data-elementor-open-lightbox=\"yes\" data-elementor-lightbox-slideshow=\"4a6a294\">\n\t\t\t<div class=\"jet-images-layout__image\">\n\t\t\t\t<img decoding=\"async\" class=\"jet-images-layout__image-instance\" src=\"https:\/\/colorprintrs.com.br\/wp-content\/uploads\/2023\/09\/Colorprint-50-min-scaled.jpg\" alt=\"Colorprint-50-min\" loading=\"lazy\">\t\t\t<\/div>\n\t\t\t<div class=\"jet-images-layout__content\"><\/div>\n\t\t<\/a>\n\t<\/div>\n<\/div>\n<\/div><\/div>\n<\/div>\t\t<\/div>\n\t\t\t\t<\/div>\n\t\t\t\t\t<\/div>\n\t\t<\/div>\n\t\t\t\t\t\t\t<\/div>\n\t\t<\/section>\n\t\t\t\t<section class=\"elementor-section elementor-top-section elementor-element elementor-element-fc07e20 elementor-section-boxed elementor-section-height-default elementor-section-height-default\" data-id=\"fc07e20\" data-element_type=\"section\" data-settings=\"{&quot;jet_parallax_layout_list&quot;:[{&quot;jet_parallax_layout_image&quot;:{&quot;url&quot;:&quot;&quot;,&quot;id&quot;:&quot;&quot;,&quot;size&quot;:&quot;&quot;},&quot;_id&quot;:&quot;69aa955&quot;,&quot;jet_parallax_layout_image_tablet&quot;:{&quot;url&quot;:&quot;&quot;,&quot;id&quot;:&quot;&quot;,&quot;size&quot;:&quot;&quot;},&quot;jet_parallax_layout_image_mobile&quot;:{&quot;url&quot;:&quot;&quot;,&quot;id&quot;:&quot;&quot;,&quot;size&quot;:&quot;&quot;},&quot;jet_parallax_layout_speed&quot;:{&quot;unit&quot;:&quot;%&quot;,&quot;size&quot;:&quot;50&quot;,&quot;sizes&quot;:[]},&quot;jet_parallax_layout_bg_x&quot;:&quot;50&quot;,&quot;jet_parallax_layout_bg_y&quot;:&quot;50&quot;,&quot;jet_parallax_layout_type&quot;:&quot;scroll&quot;,&quot;jet_parallax_layout_direction&quot;:null,&quot;jet_parallax_layout_fx_direction&quot;:null,&quot;jet_parallax_layout_z_index&quot;:&quot;&quot;,&quot;jet_parallax_layout_bg_x_tablet&quot;:&quot;&quot;,&quot;jet_parallax_layout_bg_x_mobile&quot;:&quot;&quot;,&quot;jet_parallax_layout_bg_y_tablet&quot;:&quot;&quot;,&quot;jet_parallax_layout_bg_y_mobile&quot;:&quot;&quot;,&quot;jet_parallax_layout_bg_size&quot;:&quot;auto&quot;,&quot;jet_parallax_layout_bg_size_tablet&quot;:&quot;&quot;,&quot;jet_parallax_layout_bg_size_mobile&quot;:&quot;&quot;,&quot;jet_parallax_layout_animation_prop&quot;:&quot;transform&quot;,&quot;jet_parallax_layout_on&quot;:[&quot;desktop&quot;,&quot;tablet&quot;]}],&quot;background_background&quot;:&quot;classic&quot;}\">\n\t\t\t\t\t\t<div class=\"elementor-container elementor-column-gap-default\">\n\t\t\t\t\t<div class=\"elementor-column elementor-col-100 elementor-top-column elementor-element elementor-element-e99b493\" data-id=\"e99b493\" data-element_type=\"column\">\n\t\t\t<div class=\"elementor-widget-wrap elementor-element-populated\">\n\t\t\t\t\t\t\t\t<div class=\"elementor-element elementor-element-ee7d38d elementor-widget elementor-widget-heading\" data-id=\"ee7d38d\" data-element_type=\"widget\" data-widget_type=\"heading.default\">\n\t\t\t\t<div class=\"elementor-widget-container\">\n\t\t\t<h3 class=\"elementor-heading-title elementor-size-default\">Tem alguma d\u00favida?<\/h3>\t\t<\/div>\n\t\t\t\t<\/div>\n\t\t\t\t<div class=\"elementor-element elementor-element-494c197 elementor-widget elementor-widget-text-editor\" data-id=\"494c197\" data-element_type=\"widget\" data-widget_type=\"text-editor.default\">\n\t\t\t\t<div class=\"elementor-widget-container\">\n\t\t\t\t\t\t\t<p>Entre em contato conosco e conhe\u00e7a todo nosso processo de produ\u00e7\u00e3o<\/p>\t\t\t\t\t\t<\/div>\n\t\t\t\t<\/div>\n\t\t\t\t<div class=\"elementor-element elementor-element-3d186fa elementor-align-center elementor-widget elementor-widget-button\" data-id=\"3d186fa\" data-element_type=\"widget\" data-widget_type=\"button.default\">\n\t\t\t\t<div class=\"elementor-widget-container\">\n\t\t\t\t\t<div class=\"elementor-button-wrapper\">\n\t\t\t<a class=\"elementor-button elementor-button-link elementor-size-sm\" href=\"http:\/\/colorprintrs.com.br\/?page_id=59\">\n\t\t\t\t\t\t<span class=\"elementor-button-content-wrapper\">\n\t\t\t\t\t\t<span class=\"elementor-button-text\">contato<\/span>\n\t\t<\/span>\n\t\t\t\t\t<\/a>\n\t\t<\/div>\n\t\t\t\t<\/div>\n\t\t\t\t<\/div>\n\t\t\t\t\t<\/div>\n\t\t<\/div>\n\t\t\t\t\t\t\t<\/div>\n\t\t<\/section>\n\t\t\t\t\t\t\t<\/div>\n\t\t","protected":false},"excerpt":{"rendered":"<p>Sobre N\u00f3s A Colorprint \u00e9 uma gr\u00e1fica completa, especializada em proporcionar, para todo o Brasil, o que h\u00e1 de melhor em servi\u00e7os gr\u00e1ficos. Aqui tem inova\u00e7\u00e3o, tecnologia de ponta e profissionais qualificados, respons\u00e1veis pela qualidade de atendimento, excel\u00eancia no acabamento e a agilidade na entrega que voc\u00ea s\u00f3 encontra aqui. Al\u00e9m de anos de experi\u00eancia [&hellip;]<\/p>\n","protected":false},"author":1,"featured_media":0,"parent":0,"menu_order":0,"comment_status":"closed","ping_status":"closed","template":"full-width.php","meta":{"_mi_skip_tracking":false,"footnotes":""},"acf":[],"yoast_head":"<!-- This site is optimized with the Yoast SEO Premium plugin v20.12 (Yoast SEO v21.7) - https:\/\/yoast.com\/wordpress\/plugins\/seo\/ -->\n<title>ColorPrint | Sobre<\/title>\n<meta name=\"description\" content=\"Conhe\u00e7a mais sobre os servi\u00e7os da Color Print Solu\u00e7\u00f5es Gr\u00e1ficas\" \/>\n<meta name=\"robots\" content=\"index, follow, max-snippet:-1, max-image-preview:large, max-video-preview:-1\" \/>\n<link rel=\"canonical\" href=\"https:\/\/colorprintrs.com.br\/?page_id=51\" \/>\n<meta property=\"og:locale\" content=\"pt_BR\" \/>\n<meta property=\"og:type\" content=\"article\" \/>\n<meta property=\"og:title\" content=\"Sobre\" \/>\n<meta property=\"og:description\" content=\"Conhe\u00e7a mais sobre os servi\u00e7os da Color Print Solu\u00e7\u00f5es Gr\u00e1ficas\" \/>\n<meta property=\"og:url\" content=\"https:\/\/colorprintrs.com.br\/?page_id=51\" \/>\n<meta property=\"og:site_name\" content=\"ColorPrint\" \/>\n<meta property=\"article:modified_time\" content=\"2024-02-22T13:08:57+00:00\" \/>\n<meta property=\"og:image\" content=\"http:\/\/colorprintrs.com.br\/wp-content\/uploads\/2023\/09\/Colorprint-36-min-1024x683.jpg\" \/>\n<meta name=\"twitter:card\" content=\"summary_large_image\" \/>\n<meta name=\"twitter:label1\" content=\"Est. tempo de leitura\" \/>\n\t<meta name=\"twitter:data1\" content=\"2 minutos\" \/>\n<script type=\"application\/ld+json\" class=\"yoast-schema-graph\">{\"@context\":\"https:\/\/schema.org\",\"@graph\":[{\"@type\":\"WebPage\",\"@id\":\"https:\/\/colorprintrs.com.br\/?page_id=51\",\"url\":\"https:\/\/colorprintrs.com.br\/?page_id=51\",\"name\":\"ColorPrint | Sobre\",\"isPartOf\":{\"@id\":\"http:\/\/colorprintrs.com.br\/#website\"},\"datePublished\":\"2019-04-17T05:00:35+00:00\",\"dateModified\":\"2024-02-22T13:08:57+00:00\",\"description\":\"Conhe\u00e7a mais sobre os servi\u00e7os da Color Print Solu\u00e7\u00f5es Gr\u00e1ficas\",\"breadcrumb\":{\"@id\":\"https:\/\/colorprintrs.com.br\/?page_id=51#breadcrumb\"},\"inLanguage\":\"pt-BR\",\"potentialAction\":[{\"@type\":\"ReadAction\",\"target\":[\"https:\/\/colorprintrs.com.br\/?page_id=51\"]}]},{\"@type\":\"BreadcrumbList\",\"@id\":\"https:\/\/colorprintrs.com.br\/?page_id=51#breadcrumb\",\"itemListElement\":[{\"@type\":\"ListItem\",\"position\":1,\"name\":\"In\u00edcio\",\"item\":\"http:\/\/colorprintrs.com.br\/\"},{\"@type\":\"ListItem\",\"position\":2,\"name\":\"Sobre\"}]},{\"@type\":\"WebSite\",\"@id\":\"http:\/\/colorprintrs.com.br\/#website\",\"url\":\"http:\/\/colorprintrs.com.br\/\",\"name\":\"ColorPrint - Solu\u00e7\u00f5es Gr\u00e1ficas\",\"description\":\"Papelaria Completa para sua Empresa\",\"publisher\":{\"@id\":\"http:\/\/colorprintrs.com.br\/#organization\"},\"alternateName\":\"ColorPrint\",\"potentialAction\":[{\"@type\":\"SearchAction\",\"target\":{\"@type\":\"EntryPoint\",\"urlTemplate\":\"http:\/\/colorprintrs.com.br\/?s={search_term_string}\"},\"query-input\":\"required name=search_term_string\"}],\"inLanguage\":\"pt-BR\"},{\"@type\":\"Organization\",\"@id\":\"http:\/\/colorprintrs.com.br\/#organization\",\"name\":\"ColorPrint - Solu\u00e7\u00f5es Gr\u00e1ficas\",\"alternateName\":\"ColorPrint\",\"url\":\"http:\/\/colorprintrs.com.br\/\",\"logo\":{\"@type\":\"ImageObject\",\"inLanguage\":\"pt-BR\",\"@id\":\"http:\/\/colorprintrs.com.br\/#\/schema\/logo\/image\/\",\"url\":\"http:\/\/colorprintrs.com.br\/wp-content\/uploads\/2023\/07\/logo.png\",\"contentUrl\":\"http:\/\/colorprintrs.com.br\/wp-content\/uploads\/2023\/07\/logo.png\",\"width\":462,\"height\":107,\"caption\":\"ColorPrint - Solu\u00e7\u00f5es Gr\u00e1ficas\"},\"image\":{\"@id\":\"http:\/\/colorprintrs.com.br\/#\/schema\/logo\/image\/\"}}]}<\/script>\n<!-- \/ Yoast SEO Premium plugin. -->","yoast_head_json":{"title":"ColorPrint | Sobre","description":"Conhe\u00e7a mais sobre os servi\u00e7os da Color Print Solu\u00e7\u00f5es Gr\u00e1ficas","robots":{"index":"index","follow":"follow","max-snippet":"max-snippet:-1","max-image-preview":"max-image-preview:large","max-video-preview":"max-video-preview:-1"},"canonical":"https:\/\/colorprintrs.com.br\/?page_id=51","og_locale":"pt_BR","og_type":"article","og_title":"Sobre","og_description":"Conhe\u00e7a mais sobre os servi\u00e7os da Color Print Solu\u00e7\u00f5es Gr\u00e1ficas","og_url":"https:\/\/colorprintrs.com.br\/?page_id=51","og_site_name":"ColorPrint","article_modified_time":"2024-02-22T13:08:57+00:00","og_image":[{"url":"http:\/\/colorprintrs.com.br\/wp-content\/uploads\/2023\/09\/Colorprint-36-min-1024x683.jpg"}],"twitter_card":"summary_large_image","twitter_misc":{"Est. tempo de leitura":"2 minutos"},"schema":{"@context":"https:\/\/schema.org","@graph":[{"@type":"WebPage","@id":"https:\/\/colorprintrs.com.br\/?page_id=51","url":"https:\/\/colorprintrs.com.br\/?page_id=51","name":"ColorPrint | Sobre","isPartOf":{"@id":"http:\/\/colorprintrs.com.br\/#website"},"datePublished":"2019-04-17T05:00:35+00:00","dateModified":"2024-02-22T13:08:57+00:00","description":"Conhe\u00e7a mais sobre os servi\u00e7os da Color Print Solu\u00e7\u00f5es Gr\u00e1ficas","breadcrumb":{"@id":"https:\/\/colorprintrs.com.br\/?page_id=51#breadcrumb"},"inLanguage":"pt-BR","potentialAction":[{"@type":"ReadAction","target":["https:\/\/colorprintrs.com.br\/?page_id=51"]}]},{"@type":"BreadcrumbList","@id":"https:\/\/colorprintrs.com.br\/?page_id=51#breadcrumb","itemListElement":[{"@type":"ListItem","position":1,"name":"In\u00edcio","item":"http:\/\/colorprintrs.com.br\/"},{"@type":"ListItem","position":2,"name":"Sobre"}]},{"@type":"WebSite","@id":"http:\/\/colorprintrs.com.br\/#website","url":"http:\/\/colorprintrs.com.br\/","name":"ColorPrint - Solu\u00e7\u00f5es Gr\u00e1ficas","description":"Papelaria Completa para sua Empresa","publisher":{"@id":"http:\/\/colorprintrs.com.br\/#organization"},"alternateName":"ColorPrint","potentialAction":[{"@type":"SearchAction","target":{"@type":"EntryPoint","urlTemplate":"http:\/\/colorprintrs.com.br\/?s={search_term_string}"},"query-input":"required name=search_term_string"}],"inLanguage":"pt-BR"},{"@type":"Organization","@id":"http:\/\/colorprintrs.com.br\/#organization","name":"ColorPrint - Solu\u00e7\u00f5es Gr\u00e1ficas","alternateName":"ColorPrint","url":"http:\/\/colorprintrs.com.br\/","logo":{"@type":"ImageObject","inLanguage":"pt-BR","@id":"http:\/\/colorprintrs.com.br\/#\/schema\/logo\/image\/","url":"http:\/\/colorprintrs.com.br\/wp-content\/uploads\/2023\/07\/logo.png","contentUrl":"http:\/\/colorprintrs.com.br\/wp-content\/uploads\/2023\/07\/logo.png","width":462,"height":107,"caption":"ColorPrint - Solu\u00e7\u00f5es Gr\u00e1ficas"},"image":{"@id":"http:\/\/colorprintrs.com.br\/#\/schema\/logo\/image\/"}}]}},"_links":{"self":[{"href":"https:\/\/colorprintrs.com.br\/index.php?rest_route=\/wp\/v2\/pages\/51"}],"collection":[{"href":"https:\/\/colorprintrs.com.br\/index.php?rest_route=\/wp\/v2\/pages"}],"about":[{"href":"https:\/\/colorprintrs.com.br\/index.php?rest_route=\/wp\/v2\/types\/page"}],"author":[{"embeddable":true,"href":"https:\/\/colorprintrs.com.br\/index.php?rest_route=\/wp\/v2\/users\/1"}],"replies":[{"embeddable":true,"href":"https:\/\/colorprintrs.com.br\/index.php?rest_route=%2Fwp%2Fv2%2Fcomments&post=51"}],"version-history":[{"count":29,"href":"https:\/\/colorprintrs.com.br\/index.php?rest_route=\/wp\/v2\/pages\/51\/revisions"}],"predecessor-version":[{"id":1176,"href":"https:\/\/colorprintrs.com.br\/index.php?rest_route=\/wp\/v2\/pages\/51\/revisions\/1176"}],"wp:attachment":[{"href":"https:\/\/colorprintrs.com.br\/index.php?rest_route=%2Fwp%2Fv2%2Fmedia&parent=51"}],"curies":[{"name":"wp","href":"https:\/\/api.w.org\/{rel}","templated":true}]}}